{"id":4707,"date":"2025-11-12T13:37:27","date_gmt":"2025-11-12T12:37:27","guid":{"rendered":"https:\/\/ferme-letselschade.nl\/?page_id=4707"},"modified":"2026-01-13T14:52:14","modified_gmt":"2026-01-13T13:52:14","slug":"wypadek-drogowy-2-2","status":"publish","type":"page","link":"https:\/\/ferme-letselschade.nl\/pl\/szkody-osobowe\/wypadek-drogowy-2-2\/","title":{"rendered":"Wypadek drogowy"},"content":{"rendered":"","protected":true},"excerpt":{"rendered":"","protected":true},"author":2,"featured_media":0,"parent":4025,"menu_order":0,"comment_status":"closed","ping_status":"closed","template":"","meta":{"_et_pb_use_builder":"on","_et_pb_old_content":"<p>letselschade<\/p>","_et_gb_content_width":"","_glsr_average":0,"_glsr_ranking":0,"_glsr_reviews":0,"footnotes":""},"class_list":["post-4707","page","type-page","status-publish","post-password-required","hentry"],"yoast_head":"<!-- This site is optimized with the Yoast SEO plugin v27.3 - https:\/\/yoast.com\/product\/yoast-seo-wordpress\/ -->\n<title>Wypadek drogowy? Zajmujemy si\u0119 ca\u0142ym procesem obs\u0142ugi roszcze\u0144 | Ferme<\/title>\n<meta name=\"description\" content=\"Mia\u0142e\u015b wypadek drogowy i szukasz prawnika? Zajmujemy si\u0119 ca\u0142ym procesem odszkodowawczym, aby\u015b m\u00f3g\u0142 skupi\u0107 si\u0119 na powrocie do zdrowia.\" \/>\n<meta name=\"robots\" content=\"index, follow, max-snippet:-1, max-image-preview:large, max-video-preview:-1\" \/>\n<link rel=\"canonical\" href=\"https:\/\/ferme-letselschade.nl\/pl\/szkody-osobowe\/wypadek-drogowy-2-2\/\" \/>\n<meta property=\"og:locale\" content=\"pl_PL\" \/>\n<meta property=\"og:type\" content=\"article\" \/>\n<meta property=\"og:title\" content=\"Wypadek drogowy? Zajmujemy si\u0119 ca\u0142ym procesem obs\u0142ugi roszcze\u0144 | Ferme\" \/>\n<meta property=\"og:description\" content=\"Mia\u0142e\u015b wypadek drogowy i szukasz prawnika? Zajmujemy si\u0119 ca\u0142ym procesem odszkodowawczym, aby\u015b m\u00f3g\u0142 skupi\u0107 si\u0119 na powrocie do zdrowia.\" \/>\n<meta property=\"og:url\" content=\"https:\/\/ferme-letselschade.nl\/pl\/szkody-osobowe\/wypadek-drogowy-2-2\/\" \/>\n<meta property=\"og:site_name\" content=\"Ferme\" \/>\n<meta property=\"article:modified_time\" content=\"2026-01-13T13:52:14+00:00\" \/>\n<meta name=\"twitter:card\" content=\"summary_large_image\" \/>\n<meta name=\"twitter:label1\" content=\"Szacowany czas czytania\" \/>\n\t<meta name=\"twitter:data1\" content=\"5 minut\" \/>\n<script type=\"application\/ld+json\" class=\"yoast-schema-graph\">{\"@context\":\"https:\\\/\\\/schema.org\",\"@graph\":[{\"@type\":\"WebPage\",\"@id\":\"https:\\\/\\\/ferme-letselschade.nl\\\/pl\\\/szkody-osobowe\\\/wypadek-drogowy-2-2\\\/\",\"url\":\"https:\\\/\\\/ferme-letselschade.nl\\\/pl\\\/szkody-osobowe\\\/wypadek-drogowy-2-2\\\/\",\"name\":\"Wypadek drogowy? Zajmujemy si\u0119 ca\u0142ym procesem obs\u0142ugi roszcze\u0144 | Ferme\",\"isPartOf\":{\"@id\":\"https:\\\/\\\/ferme-letselschade.nl\\\/pl\\\/#website\"},\"datePublished\":\"2025-11-12T12:37:27+00:00\",\"dateModified\":\"2026-01-13T13:52:14+00:00\",\"breadcrumb\":{\"@id\":\"https:\\\/\\\/ferme-letselschade.nl\\\/pl\\\/szkody-osobowe\\\/wypadek-drogowy-2-2\\\/#breadcrumb\"},\"inLanguage\":\"pl-PL\"},{\"@type\":\"WebSite\",\"@id\":\"https:\\\/\\\/ferme-letselschade.nl\\\/pl\\\/#website\",\"url\":\"https:\\\/\\\/ferme-letselschade.nl\\\/pl\\\/\",\"name\":\"Ferme\",\"description\":\"\",\"potentialAction\":[{\"@type\":\"SearchAction\",\"target\":{\"@type\":\"EntryPoint\",\"urlTemplate\":\"https:\\\/\\\/ferme-letselschade.nl\\\/pl\\\/?s={search_term_string}\"},\"query-input\":{\"@type\":\"PropertyValueSpecification\",\"valueRequired\":true,\"valueName\":\"search_term_string\"}}],\"inLanguage\":\"pl-PL\"}]}<\/script>\n<!-- \/ Yoast SEO plugin. -->","yoast_head_json":{"title":"Wypadek drogowy? Zajmujemy si\u0119 ca\u0142ym procesem obs\u0142ugi roszcze\u0144 | Ferme","description":"Mia\u0142e\u015b wypadek drogowy i szukasz prawnika? Zajmujemy si\u0119 ca\u0142ym procesem odszkodowawczym, aby\u015b m\u00f3g\u0142 skupi\u0107 si\u0119 na powrocie do zdrowia.","robots":{"index":"index","follow":"follow","max-snippet":"max-snippet:-1","max-image-preview":"max-image-preview:large","max-video-preview":"max-video-preview:-1"},"canonical":"https:\/\/ferme-letselschade.nl\/pl\/szkody-osobowe\/wypadek-drogowy-2-2\/","og_locale":"pl_PL","og_type":"article","og_title":"Wypadek drogowy? Zajmujemy si\u0119 ca\u0142ym procesem obs\u0142ugi roszcze\u0144 | Ferme","og_description":"Mia\u0142e\u015b wypadek drogowy i szukasz prawnika? Zajmujemy si\u0119 ca\u0142ym procesem odszkodowawczym, aby\u015b m\u00f3g\u0142 skupi\u0107 si\u0119 na powrocie do zdrowia.","og_url":"https:\/\/ferme-letselschade.nl\/pl\/szkody-osobowe\/wypadek-drogowy-2-2\/","og_site_name":"Ferme","article_modified_time":"2026-01-13T13:52:14+00:00","twitter_card":"summary_large_image","twitter_misc":{"Szacowany czas czytania":"5 minut"},"schema":{"@context":"https:\/\/schema.org","@graph":[{"@type":"WebPage","@id":"https:\/\/ferme-letselschade.nl\/pl\/szkody-osobowe\/wypadek-drogowy-2-2\/","url":"https:\/\/ferme-letselschade.nl\/pl\/szkody-osobowe\/wypadek-drogowy-2-2\/","name":"Wypadek drogowy? Zajmujemy si\u0119 ca\u0142ym procesem obs\u0142ugi roszcze\u0144 | Ferme","isPartOf":{"@id":"https:\/\/ferme-letselschade.nl\/pl\/#website"},"datePublished":"2025-11-12T12:37:27+00:00","dateModified":"2026-01-13T13:52:14+00:00","breadcrumb":{"@id":"https:\/\/ferme-letselschade.nl\/pl\/szkody-osobowe\/wypadek-drogowy-2-2\/#breadcrumb"},"inLanguage":"pl-PL"},{"@type":"WebSite","@id":"https:\/\/ferme-letselschade.nl\/pl\/#website","url":"https:\/\/ferme-letselschade.nl\/pl\/","name":"Ferme","description":"","potentialAction":[{"@type":"SearchAction","target":{"@type":"EntryPoint","urlTemplate":"https:\/\/ferme-letselschade.nl\/pl\/?s={search_term_string}"},"query-input":{"@type":"PropertyValueSpecification","valueRequired":true,"valueName":"search_term_string"}}],"inLanguage":"pl-PL"}]}},"_links":{"self":[{"href":"https:\/\/ferme-letselschade.nl\/pl\/wp-json\/wp\/v2\/pages\/4707","targetHints":{"allow":["GET"]}}],"collection":[{"href":"https:\/\/ferme-letselschade.nl\/pl\/wp-json\/wp\/v2\/pages"}],"about":[{"href":"https:\/\/ferme-letselschade.nl\/pl\/wp-json\/wp\/v2\/types\/page"}],"author":[{"embeddable":true,"href":"https:\/\/ferme-letselschade.nl\/pl\/wp-json\/wp\/v2\/users\/2"}],"replies":[{"embeddable":true,"href":"https:\/\/ferme-letselschade.nl\/pl\/wp-json\/wp\/v2\/comments?post=4707"}],"version-history":[{"count":14,"href":"https:\/\/ferme-letselschade.nl\/pl\/wp-json\/wp\/v2\/pages\/4707\/revisions"}],"predecessor-version":[{"id":4741,"href":"https:\/\/ferme-letselschade.nl\/pl\/wp-json\/wp\/v2\/pages\/4707\/revisions\/4741"}],"up":[{"embeddable":true,"href":"https:\/\/ferme-letselschade.nl\/pl\/wp-json\/wp\/v2\/pages\/4025"}],"wp:attachment":[{"href":"https:\/\/ferme-letselschade.nl\/pl\/wp-json\/wp\/v2\/media?parent=4707"}],"curies":[{"name":"wp","href":"https:\/\/api.w.org\/{rel}","templated":true}]}}